{"id":6114,"date":"2021-04-27T13:10:43","date_gmt":"2021-04-27T11:10:43","guid":{"rendered":"https:\/\/technoshelter.eu\/?page_id=6114"},"modified":"2021-09-02T17:38:53","modified_gmt":"2021-09-02T15:38:53","slug":"ruecksendungen","status":"publish","type":"page","link":"https:\/\/www.awodf.com\/en\/ruecksendungen\/","title":{"rendered":"R\u00fccksendeantrag stellen"},"content":{"rendered":"<h1>R\u00fccksendeantrag<\/h1>\n<p><strong>Information zum gesetzlichen Widerrufsrecht<\/strong><\/p>\n<p>Anwendungsbereich<\/p>\n<p>Es wird darauf hingewiesen, dass folgendes, gesetzlich einger\u00e4umtes Widerrufsrecht nur bei Produkten besteht, die nicht unter die Ausnahme des gem\u00e4\u00df \u00a72 Abs 1 Z 11 Fern- und Ausw\u00e4rtsgesch\u00e4fte-Gesetz fallen. Die genannte Ausnahme erfasst die Lieferung von Lebensmitteln, Getr\u00e4nken oder sonstigen Haushaltsgegenst\u00e4nden des t\u00e4glichen Bedarfs, die vom Unternehmer im Rahmen h\u00e4ufiger und regelm\u00e4\u00dfiger Fahrten am Wohnsitz, am Aufenthaltsort oder am Arbeitsplatz des Verbrauchers geliefert werden.<\/p>\n<p>Widerruf<\/p>\n<p>Der K\u00e4ufer hat das Recht, binnen vierzehn Tagen ohne Angabe von Gr\u00fcnden diesen Vertrag zu widerrufen.<\/p>\n<p>Die Widerrufsfrist betr\u00e4gt 14 Tage, beim Erwerb reiner Services, ab dem Tag des Vertragsabschlusses, beim Kauf von physischen Gegenst\u00e4nden, ab dem Tag an dem der K\u00e4ufer oder ein von ihm benannter Dritter, der nicht der Bef\u00f6rderer ist, das Produkt in Besitz genommen hat.<\/p>\n<p>Aus\u00fcbung des Widerrufsrechts<\/p>\n<p>Um das Widerrufsrecht auszu\u00fcben, muss der K\u00e4ufer uns eine eindeutige Erkl\u00e4rung (z. B. ein mit der Post versandter Brief, Telefax oder E-Mail) \u00fcber seinen Entschluss zukommen lassen, diesen Vertrag zu widerrufen. Um eine reibungslose Abwicklung zu gew\u00e4hrleisten, empfehlen wir dem K\u00e4ufer zu diesem Zweck eine E-Mail an\u00a0kundenservice@alfies.at\u00a0zu senden. Zur Wahrung der Widerrufsfrist reicht es aus, dass der K\u00e4ufer die Mitteilung \u00fcber die Aus\u00fcbung des Widerrufsrechts vor Ablauf der Widerrufsfrist absendet.<\/p>\n<p>Abwicklung nach Widerruf<\/p>\n<p>Wenn der K\u00e4ufer diesen Vertrag widerruft, werden wir alle Zahlungen die wir erhalten haben, einschlie\u00dflich der Lieferkosten (mit Ausnahme der zus\u00e4tzlichen Kosten, die sich daraus ergeben, dass eine andere Art der Lieferung als die von uns angebotene, g\u00fcnstigste Standardlieferung gew\u00e4hlt wurde), unverz\u00fcglich und sp\u00e4testens binnen vierzehn Tagen ab dem Tag zur\u00fcckzuzahlen, an dem die Mitteilung \u00fcber den Widerruf dieses Vertrags bei uns eingegangen ist. F\u00fcr diese R\u00fcckzahlung verwenden wir dasselbe Zahlungsmittel, das bei der urspr\u00fcnglichen Transaktion eingesetzt wurde, es sei denn, es wurde ausdr\u00fccklich etwas anderes vereinbart; in keinem Fall werden wegen dieser R\u00fcckzahlung Entgelte berechnet. Wir k\u00f6nnen die R\u00fcckzahlung verweigern, bis wir das Produkt wieder zur\u00fcckerhalten haben oder bis der K\u00e4ufer den Nachweis erbracht hat, dass das Produkt zur\u00fcckgesandt wurde.<\/p>\n<p>Der K\u00e4ufer hat das Produkt unverz\u00fcglich und in jedem Fall sp\u00e4testens binnen vierzehn Tagen ab dem Tag, an dem der K\u00e4ufer uns \u00fcber den Widerruf dieses Vertrags unterrichtet hat, an uns zur\u00fcckzusenden oder zu \u00fcbergeben. Die Frist ist gewahrt, wenn das Produkt vor Ablauf der Frist von vierzehn Tagen abgesendet wird. Der K\u00e4ufer tr\u00e4gt die unmittelbaren Kosten der R\u00fccksendung.<\/p>\n<p>Der K\u00e4ufer muss f\u00fcr einen etwaigen Wertverlust des Produkts nur aufkommen, wenn dieser Wertverlust auf einen zur Pr\u00fcfung der Beschaffenheit, Eigenschaften und Funktionsweise des Produkts nicht notwendigen Umgang zur\u00fcckzuf\u00fchren ist.<\/p>\n<p><strong>Information \u00fcber Schutzrechte<\/strong><\/p>\n<p>Festgehalten wird, dass rechtlich gesch\u00fctzte Bestandteile dieser Website (Marken, Graphiken, Unternehmenskennzeichen, Textierungen etc.) von Dritten nicht ohne Zustimmung von uns verwendet werden d\u00fcrfen. Gesch\u00fctzte Bestandteile dieser Website, welche von uns aufgrund der Zustimmung von Partnern verwendet werden, d\u00fcrfen von Dritten nur mit Zustimmung dieser Partner verwendet werden.<\/p>\n<p><strong>Zustimmungserkl\u00e4rung zum Newsletter<\/strong><\/p>\n<p>Der K\u00e4ufer stimmt zu, unseren Newsletter auf die von ihm angegebene E-Mailadresse zu erhalten. Der K\u00e4ufer hat die M\u00f6glichkeit diese Zustimmung jederzeit zu widerrufen.<\/p>","protected":false},"excerpt":{"rendered":"<p>R\u00fccksendeantrag Information zum gesetzlichen Widerrufsrecht Anwendungsbereich Es wird darauf hingewiesen, dass folgendes, gesetzlich einger\u00e4umtes Widerrufsrecht nur bei Produkten besteht, die nicht unter die Ausnahme des gem\u00e4\u00df \u00a72 Abs 1 Z 11 Fern- und Ausw\u00e4rtsgesch\u00e4fte-Gesetz fallen. Die genannte Ausnahme erfasst die Lieferung von Lebensmitteln, Getr\u00e4nken oder sonstigen Haushaltsgegenst\u00e4nden des t\u00e4glichen Bedarfs, die vom Unternehmer im Rahmen [&hellip;]<\/p>","protected":false},"author":33,"featured_media":0,"parent":0,"menu_order":0,"comment_status":"closed","ping_status":"closed","template":"","meta":{"_acf_changed":false,"footnotes":""},"acf":[],"_links":{"self":[{"href":"https:\/\/www.awodf.com\/en\/wp-json\/wp\/v2\/pages\/6114"}],"collection":[{"href":"https:\/\/www.awodf.com\/en\/wp-json\/wp\/v2\/pages"}],"about":[{"href":"https:\/\/www.awodf.com\/en\/wp-json\/wp\/v2\/types\/page"}],"author":[{"embeddable":true,"href":"https:\/\/www.awodf.com\/en\/wp-json\/wp\/v2\/users\/33"}],"replies":[{"embeddable":true,"href":"https:\/\/www.awodf.com\/en\/wp-json\/wp\/v2\/comments?post=6114"}],"version-history":[{"count":0,"href":"https:\/\/www.awodf.com\/en\/wp-json\/wp\/v2\/pages\/6114\/revisions"}],"wp:attachment":[{"href":"https:\/\/www.awodf.com\/en\/wp-json\/wp\/v2\/media?parent=6114"}],"curies":[{"name":"wp","href":"https:\/\/api.w.org\/{rel}","templated":true}]}}